{"id":1462,"date":"2015-02-10T08:08:41","date_gmt":"2015-02-10T08:08:41","guid":{"rendered":"http:\/\/ars-patent.co.uk\/de\/?page_id=1462"},"modified":"2025-04-23T21:29:56","modified_gmt":"2025-04-23T18:29:56","slug":"tatiana-aparina","status":"publish","type":"page","link":"https:\/\/ars-patent.com\/de\/our-team\/tatiana-aparina\/","title":{"rendered":"Tatiana Aparina"},"content":{"rendered":"<p>Frau Tatiana Aparina ist promovierte Juristin und Patentanw\u00e4ltin ohne Fachbeschr\u00e4nkung (Erfindungen, Gebrauchsmuster, Geschmacksmuster, Marken, Ursprungsbezeichnung).<\/p>\n<p>Berufserfahrung bei Rospatent \u2013 \u200b\u200b18 Jahre.<\/p>\n<p><strong>Ausbildung<\/strong><\/p>\n<p>1980 \u2013 1985 \u2013 Moskauer Werkzeug- und Bearbeitungsinstitut, Abschluss als Maschinenbauingenieurin, Hauptdisziplin \u201eMaschinenbautechnologie, Schneidmaschinen und -instrumente\u201c.<\/p>\n<p>1991 \u2013 1993 \u2013 Institut f\u00fcr gewerbliches Eigentum und Innovation, Ausbildung zum Patentspezialisten.<\/p>\n<p>1997 \u2013 2001 \u2013 Graduiertenzentrum des Instituts f\u00fcr geistiges Eigentum, Postgraduiertenabschluss: Doktorin der Rechtswissenschaften.<\/p>\n<p>2003 \u2013 Verleihung des akademischen Grades Kandidat der Rechte.<\/p>\n<p><strong>Praxis<\/strong><\/p>\n<p>Von 1990 bis 2008 arbeitete Frau Tatiana Aparina im Bundesinstitut f\u00fcr gewerbliches Eigentum, einer Beh\u00f6rde des russischen Amtes f\u00fcr geistiges Eigentum. Im Laufe der Jahre dort hat Tatiana eine Karriere von der Hilfspr\u00fcferin zur Leiterin der Abteilung f\u00fcr formelle Pr\u00fcfungen gemacht.<\/p>\n<p>Als Teil des ARS-Patent-Teams ist Tatiana eine Schl\u00fcsselfachkraft auf dem Gebiet der Patentierung im Rahmen der Entwicklung und Reformierung des PCT-Systems, dem sie zuvor viele Jahre ihrer Arbeit gewidmet hat. Tatianas Patentt\u00e4tigkeit deckt eine Reihe technischer Bereiche ab, haupts\u00e4chlich in der Maschinenbau- und Elektrotechnikindustrie.<\/p>\n<p>Tatiana nimmt an Seminaren f\u00fcr Patentfachleute und Patentanw\u00e4lte teil, die von Rospatent in den Regionen Russlands organisiert werden, wo sie das Verfahren zur ausl\u00e4ndischen Patentierung unter Einbeziehung des PCT-Systems h\u00e4lt. Au\u00dferdem h\u00e4lt Tatiana Vortr\u00e4ge \u00fcber ausl\u00e4ndische Patente mit Vorstellung des PCT-Systems f\u00fcr Patentanwaltskandidaten im russischen Amt f\u00fcr geistiges Eigentum.<\/p>\n<p style=\"text-align: justify;\">Frau Aparina ist Mitglied der Interregionalen \u00f6ffentlichen Organisation zur F\u00f6rderung der T\u00e4tigkeit von Patentanw\u00e4lten \u201eKammer der Patentanw\u00e4lte\u201c.<\/p>\n","protected":false},"excerpt":{"rendered":"<p>Frau Tatiana Aparina ist promovierte Juristin und Patentanw\u00e4ltin ohne Fachbeschr\u00e4nkung (Erfindungen, Gebrauchsmuster, Geschmacksmuster, Marken, Ursprungsbezeichnung). Berufserfahrung bei Rospatent \u2013 \u200b\u200b18 Jahre. Ausbildung 1980 \u2013 1985 \u2013 Moskauer Werkzeug- und Bearbeitungsinstitut, Abschluss als Maschinenbauingenieurin, Hauptdisziplin \u201eMaschinenbautechnologie, Schneidmaschinen und -instrumente\u201c. 1991 \u2013 1993 \u2013 Institut f\u00fcr gewerbliches Eigentum und Innovation, Ausbildung zum Patentspezialisten. 1997 \u2013 2001 \u2013 [&hellip;]<\/p>\n","protected":false},"author":3,"featured_media":1464,"parent":43,"menu_order":0,"comment_status":"open","ping_status":"open","template":"templates\/template-people.php","meta":{"_acf_changed":false,"footnotes":""},"class_list":["post-1462","page","type-page","status-publish","has-post-thumbnail","hentry"],"acf":[],"_links":{"self":[{"href":"https:\/\/ars-patent.com\/de\/wp-json\/wp\/v2\/pages\/1462","targetHints":{"allow":["GET"]}}],"collection":[{"href":"https:\/\/ars-patent.com\/de\/wp-json\/wp\/v2\/pages"}],"about":[{"href":"https:\/\/ars-patent.com\/de\/wp-json\/wp\/v2\/types\/page"}],"author":[{"embeddable":true,"href":"https:\/\/ars-patent.com\/de\/wp-json\/wp\/v2\/users\/3"}],"replies":[{"embeddable":true,"href":"https:\/\/ars-patent.com\/de\/wp-json\/wp\/v2\/comments?post=1462"}],"version-history":[{"count":14,"href":"https:\/\/ars-patent.com\/de\/wp-json\/wp\/v2\/pages\/1462\/revisions"}],"predecessor-version":[{"id":2906,"href":"https:\/\/ars-patent.com\/de\/wp-json\/wp\/v2\/pages\/1462\/revisions\/2906"}],"up":[{"embeddable":true,"href":"https:\/\/ars-patent.com\/de\/wp-json\/wp\/v2\/pages\/43"}],"wp:featuredmedia":[{"embeddable":true,"href":"https:\/\/ars-patent.com\/de\/wp-json\/wp\/v2\/media\/1464"}],"wp:attachment":[{"href":"https:\/\/ars-patent.com\/de\/wp-json\/wp\/v2\/media?parent=1462"}],"curies":[{"name":"wp","href":"https:\/\/api.w.org\/{rel}","templated":true}]}}