{"id":15,"date":"2013-08-23T14:04:08","date_gmt":"2013-08-23T14:04:08","guid":{"rendered":"http:\/\/ars-patent.co.uk\/de\/?page_id=15"},"modified":"2025-08-22T09:54:56","modified_gmt":"2025-08-22T06:54:56","slug":"about-us","status":"publish","type":"page","link":"https:\/\/ars-patent.com\/de\/about-us\/","title":{"rendered":"About us"},"content":{"rendered":"<p>\u201eJeder ARS-Patent-Kunde profitiert von einer individuellen, individuellen Anwaltsvertretung und direkter Kommunikation in allen Angelegenheiten. Dieser Ansatz f\u00f6rdert eine enge Zusammenarbeit und erm\u00f6glicht es uns, die besten Strategien und L\u00f6sungen zu entwickeln, die auf Ihre Bed\u00fcrfnisse zugeschnitten sind.\u201c<\/p>\n<div class=\"about-slider-slide about-slider-slide-1\">\n<div class=\"container\">\n<div class=\"about-slider-rows\">\n<div class=\"about-slider-row\">\n<div class=\"about-slider-row-bg\"><\/div >\n<div class=\"about-slider-row-content\">Wer Wir Sind<\/div >\n            <\/div>\n<\/p><\/div>\n<\/p><\/div>\n<\/div>\n<p>Wir sind eine kompetente Anwaltskanzlei, die umfassende Dienstleistungen im Bereich des gewerblichen Rechtsschutzes mit besonderem Fokus auf Patent-, Marken- und Designrecht anbietet. Unser Team besteht aus \u00fcber 50 qualifizierten Fachleuten, von denen die meisten beim Eurasischen Patentamt und den nationalen Patent- und Marken\u00e4mtern als Anwalt zugelassen sind. Unser praktischer Ansatz zur Erreichung der Ziele unserer Kunden hat uns best\u00e4ndige Spitzenpl\u00e4tze in den Kategorien \u201eManaging Intellectual Property\u201c, \u201eChambers\u201c, \u201eLegal 500\u201c, \u201eIntellectual Asset Management\u201c und \u201eWTR 1000\u201c eingebracht.<\/p>\n<div class=\"about-slider-slide about-slider-slide-2\">\n<div class=\"container\">\n<div class=\"about-slider-rows\">\n<div class=\"about-slider-row\">\n<div class=\"about-slider-row-bg\"><\/div >\n<div class=\"about-slider-row-content\">Wo Wir Arbeiten<\/div >\n            <\/div>\n<\/p><\/div>\n<\/p><\/div>\n<\/div>\n<p>Wir fungieren als zentraler Ansprechpartner f\u00fcr Kunden, die die Registrierung und den Schutz geistigen Eigentums in den 11 Republiken rund um das eurasische Patent\u00f6kosystem anstreben: Armenien, Aserbaidschan, Wei\u00dfrussland, Georgien, Kasachstan, Kirgisistan, Russland, Tadschikistan, Turkmenistan, Ukraine und Usbekistan. Im Laufe der Jahre sorgen unsere Anw\u00e4lte f\u00fcr eine gleichbleibend hochwertige Vertretung in all diesen Gerichtsbarkeiten.<\/p>\n<div class=\"about-slider-slide about-slider-slide-3\">\n<div class=\"container\">\n<div class=\"about-slider-rows\">\n<div class=\"about-slider-row\">\n<div class=\"about-slider-row-bg\"><\/div >\n<div class=\"about-slider-row-content\">Was Wir Tun<\/div >\n            <\/div>\n<\/p><\/div>\n<\/p><\/div>\n<\/div>\n<p>Wir helfen bei der Durchsetzung und dem Schutz geistiger Eigentumsrechte ihrer Eigent\u00fcmer. Unser Expertenteam bietet ein umfassendes Spektrum an IP-Dienstleistungen, einschlie\u00dflich, aber nicht beschr\u00e4nkt auf:<br \/>\n\u2022 Patentierbarkeit und Recherchen zum Stand der Technik<br \/>\n\u2022 Anmeldung und Verfolgung von Erfindungen, Geschmacksmustern und Gebrauchsmustern<br \/>\n\u2022 Markenkl\u00e4rung und -registrierung<br \/>\n\u2022 Zollrecht, Urheberrechte, IP-Schutz und F\u00e4lschungsbek\u00e4mpfungsdienste<br \/>\nWir vertreten regelm\u00e4\u00dfig gro\u00dfe multinationale Konzerne, Einzelkunden und eine Vielzahl lokaler kleiner und mittlerer Hochtechnologieunternehmen.<\/p>\n<div class=\"about-slider-slide about-slider-slide-4\">\n<div class=\"container\">\n<div class=\"about-slider-rows\">\n<div class=\"about-slider-row\">\n<div class=\"about-slider-row-bg\"><\/div >\n<div class=\"about-slider-row-content\">Wie Wir Arbeiten<\/div >\n            <\/div>\n<\/p><\/div>\n<\/p><\/div>\n<\/div>\n<p>Wir sind bestrebt, zuverl\u00e4ssige, zug\u00e4ngliche und qualitativ hochwertige Dienstleistungen im Bereich des geistigen Eigentums bereitzustellen und so die sichere Erlangung, Durchsetzung und Verteidigung der geistigen Eigentumsrechte unserer Kunden zu gew\u00e4hrleisten. Um die Erwartungen zu \u00fcbertreffen, halten wir uns an strenge Standards und Grundwerte: Verantwortung, Ergebnisse und Beziehungen.<\/p>\n<p>Wir sind bestrebt, in der sich st\u00e4ndig weiterentwickelnden IP-Landschaft an der Spitze zu bleiben. Diese Verpflichtung spiegelt sich nicht nur in unserem guten Ruf wider, sondern auch im Vertrauen unserer Kunden in unsere Expertise. Wir legen gro\u00dfen Wert auf den Aufbau enger, langfristiger Partnerschaften und viele unserer Kunden arbeiten bereits seit Jahren mit uns zusammen.<\/p>\n<p>Wenn Sie mit uns zusammenarbeiten, k\u00f6nnen Sie darauf vertrauen, dass jede von Ihnen get\u00e4tigte Investition sinnvolle und messbare Ergebnisse liefert.<\/p>\n<h5>Wie k\u00f6nnen wir Ihnen helfen?<\/h5>\n<p>Sprechen Sie mit uns, um zu bereden, wie ARS-Patent Ihnen bei Ihren Anforderungen an geistiges Eigentum helfen kann. Bitte senden Sie uns eine E-Mail an office@ars-patent.co.uk oder klicken Sie auf den Link zum Anfrageformular unten.<\/p>\n","protected":false},"excerpt":{"rendered":"<p>\u201eJeder ARS-Patent-Kunde profitiert von einer individuellen, individuellen Anwaltsvertretung und direkter Kommunikation in allen Angelegenheiten. Dieser Ansatz f\u00f6rdert eine enge Zusammenarbeit und erm\u00f6glicht es uns, die besten Strategien und L\u00f6sungen zu entwickeln, die auf Ihre Bed\u00fcrfnisse zugeschnitten sind.\u201c Wer Wir Sind Wir sind eine kompetente Anwaltskanzlei, die umfassende Dienstleistungen im Bereich des gewerblichen Rechtsschutzes mit besonderem [&hellip;]<\/p>\n","protected":false},"author":1,"featured_media":0,"parent":0,"menu_order":0,"comment_status":"open","ping_status":"closed","template":"templates\/template-full-width.php","meta":{"_acf_changed":false,"footnotes":""},"class_list":["post-15","page","type-page","status-publish","hentry"],"acf":[],"_links":{"self":[{"href":"https:\/\/ars-patent.com\/de\/wp-json\/wp\/v2\/pages\/15","targetHints":{"allow":["GET"]}}],"collection":[{"href":"https:\/\/ars-patent.com\/de\/wp-json\/wp\/v2\/pages"}],"about":[{"href":"https:\/\/ars-patent.com\/de\/wp-json\/wp\/v2\/types\/page"}],"author":[{"embeddable":true,"href":"https:\/\/ars-patent.com\/de\/wp-json\/wp\/v2\/users\/1"}],"replies":[{"embeddable":true,"href":"https:\/\/ars-patent.com\/de\/wp-json\/wp\/v2\/comments?post=15"}],"version-history":[{"count":29,"href":"https:\/\/ars-patent.com\/de\/wp-json\/wp\/v2\/pages\/15\/revisions"}],"predecessor-version":[{"id":2972,"href":"https:\/\/ars-patent.com\/de\/wp-json\/wp\/v2\/pages\/15\/revisions\/2972"}],"wp:attachment":[{"href":"https:\/\/ars-patent.com\/de\/wp-json\/wp\/v2\/media?parent=15"}],"curies":[{"name":"wp","href":"https:\/\/api.w.org\/{rel}","templated":true}]}}