{"id":1955,"date":"2020-02-11T19:56:58","date_gmt":"2020-02-11T16:56:58","guid":{"rendered":"http:\/\/ars-patent.co.uk\/de\/?page_id=1955"},"modified":"2025-05-05T19:30:19","modified_gmt":"2025-05-05T16:30:19","slug":"awards-rankings","status":"publish","type":"page","link":"https:\/\/ars-patent.com\/de\/awards-rankings\/","title":{"rendered":"Auszeichnungen und Rankings"},"content":{"rendered":"<div style=\"width: 100%; display: inline-block;\">\n<div style=\"width: 38%; float: left;\">\n<p style=\"text-align: center;\"><img decoding=\"async\" style=\"width: 100%; max-width: 290px;\" src=\"\/wp-content\/uploads\/2023\/09\/wipr_2023.png\" alt=\"\" \/><\/p>\n<\/div>\n<div style=\"width: 60%; float: right;\">\n<p>Vladimir Rybakov, Elena Solovyova, Mikhail Khmara, Anna Bogdanova, Natalia Belozerova und Kirill Osipov geh\u00f6ren laut WIPR Leaders 2023-Rangliste zu den Top-IP-Experten.<\/p>\n<\/div>\n<\/div>\n<p><!-- COMMENTED LEADERS LEAGUE!!! ---------------------------------------------------------------------------------------------------------------\n\n\n<div style=\"width: 100%; display: inline-block;\">\n\n\n\n<hr size=\"1\" \/>\n\n<\/div>\n\n\n\n\n<div style=\"width: 100%; display: inline-block;\">\n\n\n<div style=\"width: 38%; float: left;\">\n\n\n<p style=\"text-align: center;\"><img decoding=\"async\" style=\"width: 100%; max-width: 290px;\" src=\"\/wp-includes\/images\/logo_leaders-league.png\" alt=\"\" \/><\/p>\n\n\n\n<\/div>\n\n\n\n\n<div style=\"width: 60%; float: right;\">\n\nARS-Patent freut sich, in die Liste der besten IP-Experten in den GUS-Staaten aufgenommen zu werden: Ausgezeichnete Kategorie in den Bereichen Marken- und Patentverfolgung, Patentstreitigkeiten und Kategorie \u201eSehr empfehlenswert\u201c in Markenstreitigkeiten.\n\n<a href=\"https:\/\/www.leadersleague.com\/en\/firm\/ars-patent-trademark\/rankings\" target=\"_blank\" rel=\"noopener\">Leaders League<\/a>\n\n<\/div>\n\n\n<\/div>\n\n  ----------------------------------------------------------------------------------------------------------------------------------- --><\/p>\n<div style=\"width: 100%; display: inline-block;\">\n<hr size=\"1\" \/>\n<\/div>\n<div style=\"width: 100%; display: inline-block;\">\n<div style=\"width: 38%; float: left;\">\n<p style=\"text-align: center;\"><img decoding=\"async\" style=\"width: 100%; max-width: 290px;\" src=\"\/wp-content\/uploads\/2022\/07\/IAM-Patent-1000.png\" alt=\"IAM-Patent-1000\" \/><\/p>\n<\/div>\n<div style=\"width: 60%; float: right;\">\n<p>Laut der Ausgabe 2022 von IAM Patent 1000 wird ARS-Patent in der Kategorie \u201eProsecution\u201c sehr empfohlen und hat in der Kategorie \u201eLitigation and Transactions\u201c den Silber-Band erhalten.<\/p>\n<p>Vladimir Rybakov, Mikhail Khmara, Ilyana Lipatova, Kirill Osipov und Pavel Vorobev werden als eurasische Patentanw\u00e4lte empfohlen.<\/p>\n<\/div>\n<\/div>\n<div style=\"width: 100%; display: inline-block;\">\n<hr size=\"1\" \/>\n<\/div>\n<div style=\"width: 100%; display: inline-block;\">\n<div style=\"width: 38%; float: left;\">\n<p style=\"text-align: center;\"><img decoding=\"async\" style=\"width: 100%; max-width: 290px;\" src=\"\/wp-content\/uploads\/2022\/06\/WIPR-Leaders-2022.jpg\" alt=\"\" \/><\/p>\n<\/div>\n<div style=\"width: 60%; float: right;\">\n<p>Patent- und Markenanw\u00e4lte von ARS-Patent im Ranking WIPR Leaders 2022.<\/p>\n<p>Vladimir Rybakov, Elena Solovyova, Mikhail Khmara, Anna Bogdanova, Natalia Belozerova und Kirill Osipov geh\u00f6ren zu den f\u00fchrenden IP-F\u00fchrungskr\u00e4ften in den GUS-Staaten.<\/p>\n<p><a href=\"https:\/\/newtonmedia.foleon.com\/wipr-leaders-2022\/russia\/\" target=\"_blank\" rel=\"noopener\">WIPR Leaders 2022<\/a><\/p>\n<\/div>\n<\/div>\n<div style=\"width: 100%; display: inline-block;\">\n<hr size=\"1\" \/>\n<\/div>\n<div style=\"width: 100%; display: inline-block;\">\n<div style=\"width: 38%; float: left;\">\n<p style=\"text-align: center;\"><img decoding=\"async\" style=\"width: 100%; max-width: 290px;\" src=\"\/wp-includes\/images\/wtr-1000-logo-blue_cut.png\" alt=\"\" \/><\/p>\n<\/div>\n<div style=\"width: 60%; float: right;\">\n<p>Die Markenpraktiken von ARS-Patent werden im Ranking WTR 1000 2022 anerkannt: Silber-Band f\u00fcr Strafverfolgung und Strategie und Bronze-Band f\u00fcr Durchsetzung und Rechtsstreitigkeiten.<\/p>\n<p>Anna Bogdanova, Elena Solovyova und Tatiana Tarasova sind empfohlene Markenspezialisten. Kirill Osipov z\u00e4hlt zu den Top-Experten im Bereich Durchsetzung und Rechtsstreitigkeiten.<\/p>\n<\/div>\n<\/div>\n<div style=\"width: 100%; display: inline-block;\">\n<hr size=\"1\" \/>\n<\/div>\n<div style=\"width: 100%; display: inline-block;\">\n<div style=\"width: 38%; float: left;\">\n<p style=\"text-align: center;\"><img decoding=\"async\" style=\"width: 100%; max-width: 290px;\" src=\"\/wp-includes\/images\/IAM-1000-2021.jpg\" alt=\"\" \/><\/p>\n<\/div>\n<div style=\"width: 60%; float: right;\">\n<p>IAM Patent 1000 2021: ARS-Patent wird zur besonders empfohlenen eurasischen IP-Firma f\u00fcr Patentverfolgungsangelegenheiten gek\u00fcrt und ist au\u00dferdem unter den Top-IP-Firmen in der Kategorie Rechtsstreitigkeiten und Transaktionen aufgef\u00fchrt.<\/p>\n<p>Mikhail Khmara, Ilyana Lipatova, Kirill Osipov und Vladimir Rybakov werden zu den weltweit f\u00fchrenden Patentanw\u00e4lten ernannt.<\/p>\n<\/div>\n<\/div>\n<div style=\"width: 100%; display: inline-block;\">\n<hr size=\"1\" \/>\n<\/div>\n<div style=\"width: 100%; display: inline-block;\">\n<div style=\"width: 38%; float: left;\">\n<p style=\"text-align: center;\"><img decoding=\"async\" style=\"width: 100%; max-width: 290px;\" src=\"\/wp-includes\/images\/IP Stars Ranked Firm 21.png\" alt=\"\" \/><\/p>\n<\/div>\n<div style=\"width: 60%; float: right;\">\n<p>Die Praktiken von ARS-Patent wurden in der Ausgabe 2021 des MIP IP STARS-Rankings ausgezeichnet:\u2013 Patentverfolgung (Stufe 2);<\/p>\n<p>\u2013 Patentstreit (Stufe 3);<\/p>\n<p>\u2013 Markenverfolgung (Stufe 2).<\/p>\n<p>Vladimir Rybakov wurde zum Patent-Star 2021 ernannt. Elena Solovyova wurde zum Trademark-Star 2021 ernannt.<\/p>\n<\/div>\n<div><\/div>\n<div><\/div>\n<\/div>\n<div style=\"width: 100%; display: inline-block;\">\n<hr size=\"1\" \/>\n<\/div>\n<div style=\"width: 100%; display: inline-block;\">\n<div style=\"width: 38%; float: left;\">\n<p style=\"text-align: center;\"><img decoding=\"async\" style=\"width: 100%; max-width: 290px;\" src=\"\/wp-includes\/images\/image007.png\" alt=\"\" \/><\/p>\n<\/div>\n<div style=\"width: 60%; float: right;\">\n<p>Laut der Ausgabe 2022 von The Best Lawyers z\u00e4hlen neun Fachleute von ARS-Patent zu den Top-Rechtsberatern im Bereich geistiges Eigentum in der GUS. Die neu aufgenommenen Best Lawyers sind Natalia Belozerova, Kirill Osipov und Pavel Vorobev.<\/p>\n<\/div>\n<\/div>\n<div style=\"width: 100%; display: inline-block;\">\n<hr size=\"1\" \/>\n<\/div>\n<div style=\"width: 100%; display: inline-block;\">\n<div style=\"width: 38%; float: left;\">\n<p style=\"text-align: center;\"><img decoding=\"async\" style=\"width: 100%; max-width: 290px;\" src=\"\/wp-includes\/images\/wipr2021.png\" alt=\"\" \/><\/p>\n<\/div>\n<div style=\"width: 60%; float: right;\">\n<p>ARS-Patent ist stolz darauf, in die Rangliste der WIPR Leaders 2021 aufgenommen zu werden.<\/p>\n<p>Neben Vladimir Rybakov und Elena Solovyova, die seit Jahren als IP-Leader aufgef\u00fchrt sind, werden Kirill Osipov (Patent Leader), Anna Bogdanova (Trademark Leader) und Natalia Belozerova (Trademark Leader) dieses Jahr zum ersten Mal als WIPR Leaders ausgezeichnet.<\/p>\n<p><a href=\"https:\/\/newtonmedia.foleon.com\/wipr-leaders-2021\/issue\/cover\/?utm_source=Leaders&amp;utm_medium=members&amp;utm_campaign=SSEpack\" target=\"_blank\" rel=\"noopener\">WIPR Leaders 2021<\/a><\/p>\n<\/div>\n<\/div>\n<div style=\"width: 100%; display: inline-block;\">\n<hr size=\"1\" \/>\n<\/div>\n<div style=\"width: 100%; display: inline-block;\">\n<div style=\"width: 38%; float: left;\">\n<p style=\"text-align: center;\"><img decoding=\"async\" style=\"width: 100%; max-width: 290px;\" src=\"\/wp-includes\/images\/WTR_1000_logo.png\" alt=\"\" \/><\/p>\n<\/div>\n<div style=\"width: 60%; float: right;\">\n<p>ARS-Patent ist in der Ausgabe 2021 von World Trademark Review 1000: The World\u2019s Leading Trademark Professionals enthalten. Die Kanzlei ist unter den empfohlenen IP-Anwaltskanzleien in Eurasien aufgef\u00fchrt: Silber-Band in der Kategorie Strafverfolgung und Strategie und Bronze-Band in der Kategorie Durchsetzung und Rechtsstreitigkeiten.<\/p>\n<p>Anna Bogdanova, Tatiana Tarasova und Kirill Osipov z\u00e4hlen zu den weltweit f\u00fchrenden Markenexperten.<\/p>\n<\/div>\n<\/div>\n<div style=\"width: 100%; display: inline-block;\">\n<hr size=\"1\" \/>\n<\/div>\n<div style=\"width: 100%; display: inline-block;\">\n<div style=\"width: 38%; float: left;\">\n<p style=\"text-align: center;\"><img decoding=\"async\" style=\"width: 100%; max-width: 290px;\" src=\"\/wp-includes\/images\/pl_magazine.jpg\" alt=\"\" \/><\/p>\n<\/div>\n<div style=\"width: 60%; float: right;\">\n<p>ARS-Patent ist in den TOP 10 der Rangliste der Patentanwaltskanzleien 2020 \u2013 Eurasia der angesehenen Zeitschrift The Patent Lawyer enthalten.<\/p>\n<p>&nbsp;<\/p>\n<\/div>\n<\/div>\n<div style=\"width: 100%; display: inline-block;\">\n<hr size=\"1\" \/>\n<\/div>\n<div style=\"width: 100%; display: inline-block;\">\n<div style=\"width: 38%; float: left;\">\n<p style=\"text-align: center;\"><img decoding=\"async\" style=\"width: 100%; max-width: 290px;\" src=\"\/wp-includes\/images\/IP STARS.png\" alt=\"\" \/><\/p>\n<\/div>\n<div style=\"width: 60%; float: right;\">\n<p>ARS-Patent freut sich \u00fcber die Platzierung in der exklusiven Ranking-Publikation IP STARS des renommierten Medienunternehmens Managing IP.<\/p>\n<p>Die Kanzlei z\u00e4hlt zu den f\u00fchrenden Fachleuten in den Bereichen Marken- und Patentverfolgung und hat ihre Position in Patentstreitangelegenheiten best\u00e4tigt.<\/p>\n<p>&nbsp;<\/p>\n<\/div>\n<\/div>\n<div style=\"width: 100%; display: inline-block;\">\n<hr size=\"1\" \/>\n<\/div>\n<div style=\"width: 100%; display: inline-block;\">\n<div style=\"width: 38%; float: left;\">\n<p style=\"text-align: center;\"><img decoding=\"async\" style=\"width: 100%; max-width: 190px;\" src=\"\/wp-includes\/images\/iam1000.jpg\" alt=\"\" \/><\/p>\n<\/div>\n<div style=\"width: 60%; float: right;\">\n<p>In der Ausgabe 2020 des IAM Patent 1000-Rankings, das die besten Patentanw\u00e4lte in wichtigen Gerichtsbarkeiten auf der ganzen Welt ermittelt, wurde ARS-Patent in der Kategorie \u201eProsecution\u201c im Gold-Band und in der Kategorie \u201eLitigation and Transactions\u201c im Silber-Band aufgef\u00fchrt.<\/p>\n<p>Mikhail Khmara, Ilyana Lipatova, Kirill Osipov und Vladimir Rybakov z\u00e4hlen zu den f\u00fchrenden Patentexperten in Eurasien.<\/p>\n<p>&nbsp;<\/p>\n<\/div>\n<\/div>\n<div style=\"width: 100%; display: inline-block;\">\n<hr size=\"1\" \/>\n<\/div>\n<div style=\"width: 100%; display: inline-block;\">\n<div style=\"width: 38%; float: left;\">\n<p style=\"text-align: center;\"><img decoding=\"async\" style=\"width: 100%; max-width: 290px;\" src=\"\/wp-includes\/images\/bl1.png\" alt=\"\" \/><\/p>\n<\/div>\n<div style=\"width: 60%; float: right;\">\n<p>Anna Bogdanova und Tatiana Aparina sind laut Best Lawyers, der \u00e4ltesten und angesehensten Peer-Review-Publikation in der Anwaltschaft, neu als beste Anw\u00e4lte Russlands im Bereich des geistigen Eigentums ausgezeichnet worden.<\/p>\n<p>Vladimir Rybakov wurde f\u00fcr seine Arbeit im Bereich des geistigen Eigentums in St. Petersburg als \u201eAnwalt des Jahres\u201c ausgezeichnet.<\/p>\n<p>&nbsp;<\/p>\n<\/div>\n<\/div>\n<div style=\"width: 100%; display: inline-block;\">\n<hr size=\"1\" \/>\n<\/div>\n<div style=\"width: 100%; display: inline-block;\">\n<div style=\"width: 38%; float: left;\">\n<p style=\"text-align: center;\"><img decoding=\"async\" style=\"width: 100%; max-width: 290px;\" src=\"\/wp-includes\/images\/WTR.png\" alt=\"\" \/><\/p>\n<\/div>\n<div style=\"width: 60%; float: right;\">\n<p>ARS-Patent freut sich \u00fcber die Anerkennung im Ranking World Trademark Review 1000 der Ausgabe 2020. Das Unternehmen ist in der Kategorie Strafverfolgung und Strategie im Silber-Band und in der Kategorie Durchsetzung und Rechtsstreitigkeiten im Bronze-Band gelistet.<\/p>\n<p>Anna Bogdanova und Tatiana Tarasova z\u00e4hlen zu den weltweit f\u00fchrenden Markenexperten.<\/p>\n<p>&nbsp;<\/p>\n<\/div>\n<\/div>\n<div style=\"width: 100%; display: inline-block;\">\n<hr size=\"1\" \/>\n<\/div>\n<div style=\"width: 100%; display: inline-block;\">\n<div style=\"width: 38%; float: left;\">\n<p style=\"text-align: center;\"><img decoding=\"async\" style=\"width: 100%; max-width: 290px;\" src=\"\/wp-includes\/images\/Leaders20_SocialMediaButton_350x300px_REV.jpg\" alt=\"\" \/><\/p>\n<\/div>\n<div style=\"width: 60%; float: right;\">\n<p>ARS-Patent und seine f\u00fcnf f\u00fchrenden Vertreter Vladimir Rybakov, Mikhail Khmara, Anna Bogdanova, Natalia Belozerova und Kirill Osipov wurden in WIPR Leaders 2020 ver\u00f6ffentlicht, einem umfassenden Leitfaden f\u00fcr die f\u00fchrenden IP-Praktiker der Welt. Das Unternehmen ist stolz darauf, Herrn Vladimir Rybakov f\u00fcr die Liste \u201eWIPR Leaders 2020\u201c nominiert zu haben.<\/p>\n<p>&nbsp;<\/p>\n<p><a href=\"https:\/\/www.emagcloud.com\/NewtonMedia\/WIPR_Leaders_2020\/page_185.html\" target=\"_blank\" rel=\"noopener\">WIPR Leaders 2020 guide<\/a><\/p>\n<\/div>\n<\/div>\n<div style=\"width: 100%; display: inline-block;\">\n<hr size=\"1\" \/>\n<\/div>\n<div style=\"width: 100%; display: inline-block;\">\n<div style=\"width: 38%; float: left;\">\n<p style=\"text-align: center;\"><img decoding=\"async\" style=\"width: 100%; max-width: 290px;\" src=\"\/wp-includes\/images\/ipstars-19.png\" alt=\"\" \/><\/p>\n<\/div>\n<div style=\"width: 60%; float: right;\">\n<p>ARS-Patent freut sich \u00fcber die Aufnahme in das IP STARS-Ranking des renommierten britischen Mediums Managing Intellectual Property. Das Unternehmen wird in drei Kategorien eingestuft: Patentverfolgung, Markenverfolgung und Patentstreitigkeiten.<\/p>\n<p>&nbsp;<\/p>\n<\/div>\n<\/div>\n<div style=\"width: 100%; display: inline-block;\">\n<hr size=\"1\" \/>\n<\/div>\n<div style=\"width: 100%; display: inline-block;\">\n<div style=\"width: 38%; float: left;\">\n<p style=\"text-align: center;\"><img decoding=\"async\" style=\"width: 100%; max-width: 189px;\" src=\"\/wp-includes\/images\/ratings3.png\" alt=\"\" \/><\/p>\n<\/div>\n<div style=\"width: 60%; float: right;\">\n<p>Eine prominente Publikation von Chambers and Partners hat ARS-Patent in das Ranking von Chambers Europe in der Kategorie \u201eIntellectual Property: Filing\u201c (GUS-Staaten und Eurasien) aufgenommen.<\/p>\n<p>&nbsp;<\/p>\n<\/div>\n<\/div>\n<div style=\"width: 100%; display: inline-block;\">\n<hr size=\"1\" \/>\n<\/div>\n<div style=\"width: 100%; display: inline-block;\">\n<div style=\"width: 38%; float: left;\">\n<p style=\"text-align: center;\"><img decoding=\"async\" style=\"width: 100%; max-width: 300px;\" src=\"\/wp-includes\/images\/wtr 2019.png\" alt=\"\" \/><\/p>\n<\/div>\n<div style=\"width: 60%; float: right;\">\n<p>Laut der Ver\u00f6ffentlichung World Trademark Review z\u00e4hlt ARS-Patent zu den f\u00fchrenden Markenfirmen in Eurasien. Die besondere Anerkennung wurde Anna Bogdanova zuteil.<\/p>\n<\/div>\n<\/div>\n<div style=\"width: 100%; display: inline-block;\">\n<hr size=\"1\" \/>\n<\/div>\n<div style=\"width: 100%; display: inline-block;\">\n<div style=\"width: 38%; float: left;\">\n<p style=\"text-align: center;\"><img decoding=\"async\" style=\"width: 100%; max-width: 246px;\" src=\"\/wp-includes\/images\/ipstars-18.png\" alt=\"\" \/><\/p>\n<\/div>\n<div style=\"width: 60%; float: right;\">\n<p>Gem\u00e4\u00df den Ranking-Ergebnissen eines der f\u00fchrenden IP-Leitf\u00e4den \u2013 der Ver\u00f6ffentlichung \u201eManaging Intellectual Property IP STARS\u201c \u2013 wurde ARS-Patent auf Platz 2 unter den f\u00fchrenden Firmen bei der Markenverfolgung und auf Platz 2 bei der Patentverfolgung anerkannt<\/p>\n<\/div>\n<\/div>\n<div style=\"width: 100%; display: inline-block;\">\n<hr size=\"1\" \/>\n<\/div>\n<div style=\"width: 100%; display: inline-block;\">\n<div style=\"width: 38%; float: left;\">\n<p style=\"text-align: center;\"><img decoding=\"async\" style=\"width: 100%; max-width: 204px;\" src=\"\/wp-includes\/images\/chambers 2018.jpg\" alt=\"\" \/><\/p>\n<\/div>\n<div style=\"width: 60%; float: right;\">\n<p>ARS-Patent ist im renommierten Ranking \u0421hambers Europe gelistet. Dieses j\u00e4hrliche Ranking ermittelt die besten IP-Anwaltskanzleien auf Grundlage einer unabh\u00e4ngigen, eingehenden Marktanalyse.<\/p>\n<\/div>\n<\/div>\n<div style=\"width: 100%; display: inline-block;\">\n<hr size=\"1\" \/>\n<\/div>\n<div style=\"width: 100%; display: inline-block;\">\n<div style=\"width: 38%; float: left;\">\n<p style=\"text-align: center;\"><img decoding=\"async\" style=\"width: 100%; max-width: 240px;\" src=\"\/wp-includes\/images\/ratings4.png\" alt=\"\" \/><\/p>\n<\/div>\n<div style=\"width: 60%; float: right;\">\n<p>Mitglieder von ARS-Patent freuen sich \u00fcber die Aufnahme in den renommierten Best Lawyers-Leitfaden.<\/p>\n<\/div>\n<\/div>\n<div style=\"width: 100%; display: inline-block;\">\n<hr size=\"1\" \/>\n<\/div>\n<div style=\"width: 100%; display: inline-block;\">\n<div style=\"width: 38%; float: left;\">\n<p style=\"text-align: center;\"><img decoding=\"async\" style=\"width: 100%; max-width: 247px;\" src=\"\/wp-includes\/images\/wtr 2016.jpg\" alt=\"\" \/><\/p>\n<\/div>\n<div style=\"width: 60%; float: right;\">\n<p>Laut der Ver\u00f6ffentlichung World Trademark Review z\u00e4hlt ARS-Patent zu den f\u00fchrenden Markenfirmen in den GUS-Staaten. Die besondere Anerkennung wurde Elena Solovyova und Tatyana Tarasova zuteil.<\/p>\n<\/div>\n<\/div>\n<div style=\"width: 100%; display: inline-block;\">\n<hr size=\"1\" \/>\n<\/div>\n<div style=\"width: 100%; display: inline-block;\">\n<div style=\"width: 38%; float: left;\">\n<p style=\"text-align: center;\"><img decoding=\"async\" style=\"width: 100%; max-width: 85px;\" src=\"\/wp-includes\/images\/legal 500.jpg\" alt=\"\" \/><\/p>\n<\/div>\n<div style=\"width: 60%; float: right;\">\n<p>Die Partner von ARS-Patent Vladimir Rybakov und Elena Solovyova sind in der Liste der empfohlenen Spezialisten gem\u00e4\u00df der Ver\u00f6ffentlichung The Legal 500 enthalten.<\/p>\n<\/div>\n<\/div>\n<div style=\"width: 100%; display: inline-block;\">\n<hr size=\"1\" \/>\n<\/div>\n","protected":false},"excerpt":{"rendered":"<p>Vladimir Rybakov, Elena Solovyova, Mikhail Khmara, Anna Bogdanova, Natalia Belozerova und Kirill Osipov geh\u00f6ren laut WIPR Leaders 2023-Rangliste zu den Top-IP-Experten. Laut der Ausgabe 2022 von IAM Patent 1000 wird ARS-Patent in der Kategorie \u201eProsecution\u201c sehr empfohlen und hat in der Kategorie \u201eLitigation and Transactions\u201c den Silber-Band erhalten. Vladimir Rybakov, Mikhail Khmara, Ilyana Lipatova, Kirill [&hellip;]<\/p>\n","protected":false},"author":3,"featured_media":0,"parent":0,"menu_order":0,"comment_status":"closed","ping_status":"closed","template":"templates\/template-full-width.php","meta":{"_acf_changed":false,"footnotes":""},"class_list":["post-1955","page","type-page","status-publish","hentry"],"acf":[],"_links":{"self":[{"href":"https:\/\/ars-patent.com\/de\/wp-json\/wp\/v2\/pages\/1955","targetHints":{"allow":["GET"]}}],"collection":[{"href":"https:\/\/ars-patent.com\/de\/wp-json\/wp\/v2\/pages"}],"about":[{"href":"https:\/\/ars-patent.com\/de\/wp-json\/wp\/v2\/types\/page"}],"author":[{"embeddable":true,"href":"https:\/\/ars-patent.com\/de\/wp-json\/wp\/v2\/users\/3"}],"replies":[{"embeddable":true,"href":"https:\/\/ars-patent.com\/de\/wp-json\/wp\/v2\/comments?post=1955"}],"version-history":[{"count":59,"href":"https:\/\/ars-patent.com\/de\/wp-json\/wp\/v2\/pages\/1955\/revisions"}],"predecessor-version":[{"id":2933,"href":"https:\/\/ars-patent.com\/de\/wp-json\/wp\/v2\/pages\/1955\/revisions\/2933"}],"wp:attachment":[{"href":"https:\/\/ars-patent.com\/de\/wp-json\/wp\/v2\/media?parent=1955"}],"curies":[{"name":"wp","href":"https:\/\/api.w.org\/{rel}","templated":true}]}}