{"id":2737,"date":"2025-02-08T16:30:48","date_gmt":"2025-02-08T13:30:48","guid":{"rendered":"https:\/\/ars-patent.com\/de\/?page_id=2737"},"modified":"2025-05-03T13:51:34","modified_gmt":"2025-05-03T10:51:34","slug":"translation","status":"publish","type":"page","link":"https:\/\/ars-patent.com\/de\/expertise\/translation\/","title":{"rendered":"\u00dcbersetzung"},"content":{"rendered":"<p>Eine genaue und zuverl\u00e4ssige \u00dcbersetzung ist im Recht des geistigen Eigentums unerl\u00e4sslich, da selbst geringf\u00fcgige Fehler zu kostspieligen Komplikationen f\u00fchren k\u00f6nnen. Bei ARS-Patent bieten wir fachkundige \u00dcbersetzungsdienste f\u00fcr Patente, Marken, rechtliche Vereinbarungen und andere Dokumente im Zusammenhang mit geistigem Eigentum an.<\/p>\n<p>Unser Team aus zertifizierten \u00dcbersetzern, die auf juristische und technische Terminologie spezialisiert sind, stellt sicher, dass Ihre Dokumente in mehreren Sprachen den h\u00f6chsten Pr\u00e4zisionsstandards entsprechen. Wir unterst\u00fctzen eine nahtlose Kommunikation und Compliance und helfen Ihnen, grenz\u00fcberschreitende IP-Angelegenheiten zuversichtlich zu meistern.<\/p>\n<p><strong>Zu unseren Dienstleistungen geh\u00f6ren:<\/strong><\/p>\n<ul>\n<li>\u00dcbersetzung von Patentschriften und Patentanspr\u00fcchen<\/li>\n<li>Markendokumente und Registrierungsmaterialien<\/li>\n<li>Lizenzvereinbarungen und Rechtsvertr\u00e4ge<\/li>\n<li>\u00dcbersetzungen von Urheberrechten, Gebrauchsmustern und Industriedesigns<\/li>\n<\/ul>\n<p><strong>Warum uns w\u00e4hlen?<\/strong><\/p>\n<ul>\n<li>Fachwissen in der IP-Terminologie im gesamten eurasischen Rechtsraum<\/li>\n<li>Schneller und zuverl\u00e4ssiger Service zur Einhaltung enger Termine<\/li>\n<li>Garantierte Vertraulichkeit und Datensicherheit<\/li>\n<\/ul>\n<p>Arbeiten Sie mit uns zusammen, um sicherzustellen, dass Ihre IP-Assets unabh\u00e4ngig von der Sprache korrekt dargestellt werden. Bei ARS-Patent ist Pr\u00e4zision nicht nur ein Versprechen \u2013 es ist eine Garantie.<\/p>\n","protected":false},"excerpt":{"rendered":"<p>Eine genaue und zuverl\u00e4ssige \u00dcbersetzung ist im Recht des geistigen Eigentums unerl\u00e4sslich, da selbst geringf\u00fcgige Fehler zu kostspieligen Komplikationen f\u00fchren k\u00f6nnen. Bei ARS-Patent bieten wir fachkundige \u00dcbersetzungsdienste f\u00fcr Patente, Marken, rechtliche Vereinbarungen und andere Dokumente im Zusammenhang mit geistigem Eigentum an. Unser Team aus zertifizierten \u00dcbersetzern, die auf juristische und technische Terminologie spezialisiert sind, stellt [&hellip;]<\/p>\n","protected":false},"author":3,"featured_media":0,"parent":39,"menu_order":0,"comment_status":"closed","ping_status":"closed","template":"templates\/template-content.php","meta":{"_acf_changed":false,"footnotes":""},"class_list":["post-2737","page","type-page","status-publish","hentry"],"acf":[],"_links":{"self":[{"href":"https:\/\/ars-patent.com\/de\/wp-json\/wp\/v2\/pages\/2737","targetHints":{"allow":["GET"]}}],"collection":[{"href":"https:\/\/ars-patent.com\/de\/wp-json\/wp\/v2\/pages"}],"about":[{"href":"https:\/\/ars-patent.com\/de\/wp-json\/wp\/v2\/types\/page"}],"author":[{"embeddable":true,"href":"https:\/\/ars-patent.com\/de\/wp-json\/wp\/v2\/users\/3"}],"replies":[{"embeddable":true,"href":"https:\/\/ars-patent.com\/de\/wp-json\/wp\/v2\/comments?post=2737"}],"version-history":[{"count":4,"href":"https:\/\/ars-patent.com\/de\/wp-json\/wp\/v2\/pages\/2737\/revisions"}],"predecessor-version":[{"id":2923,"href":"https:\/\/ars-patent.com\/de\/wp-json\/wp\/v2\/pages\/2737\/revisions\/2923"}],"up":[{"embeddable":true,"href":"https:\/\/ars-patent.com\/de\/wp-json\/wp\/v2\/pages\/39"}],"wp:attachment":[{"href":"https:\/\/ars-patent.com\/de\/wp-json\/wp\/v2\/media?parent=2737"}],"curies":[{"name":"wp","href":"https:\/\/api.w.org\/{rel}","templated":true}]}}