{"id":2740,"date":"2025-02-08T16:33:54","date_gmt":"2025-02-08T13:33:54","guid":{"rendered":"https:\/\/ars-patent.com\/de\/?page_id=2740"},"modified":"2025-05-03T13:56:18","modified_gmt":"2025-05-03T10:56:18","slug":"copyrights","status":"publish","type":"page","link":"https:\/\/ars-patent.com\/de\/expertise\/copyrights\/","title":{"rendered":"Urheberrechte"},"content":{"rendered":"<p>Die Urheberrechtsgesetze in der eurasischen Region weisen aufgrund eines gemeinsamen rechtlichen Erbes aus der Sowjetzeit \u00c4hnlichkeiten auf, haben sich jedoch seit der Unabh\u00e4ngigkeit mit individuellen Merkmalen weiterentwickelt. Die meisten dieser L\u00e4nder sind Mitglieder der Berner \u00dcbereinkunft und der Weltorganisation f\u00fcr geistiges Eigentum (WIPO) und orientieren sich so an internationalen Standards. Das Urheberrecht bleibt je nach Land in der Regel 50 oder 70 Jahre nach dem Tod des Autors bestehen.<\/p>\n<p>Autoren besitzen sowohl wirtschaftliche Rechte, die es ihnen erm\u00f6glichen, die Vervielf\u00e4ltigung und Verbreitung ihrer Werke zu kontrollieren, als auch moralische Rechte, die ihre pers\u00f6nliche Verbindung zu dem Werk sch\u00fctzen. Die Durchsetzung ist sehr unterschiedlich und weist Herausforderungen beim Schutz des digitalen Urheberrechts und bei der Piraterie auf, insbesondere da einige L\u00e4nder nur \u00fcber begrenzte Ressourcen und Infrastruktur f\u00fcr eine wirksame Durchsetzung verf\u00fcgen. Einige L\u00e4nder wie Russland und die Ukraine haben erhebliche Anstrengungen zur Bek\u00e4mpfung der digitalen Piraterie unternommen, w\u00e4hrend andere mit der Durchsetzungsinfrastruktur zu k\u00e4mpfen haben. In diesen L\u00e4ndern sind Collective Management Organizations (CMOs) t\u00e4tig, um bei der Verwaltung von Rechten zu helfen, allerdings bestehen weiterhin Probleme mit Transparenz und Verteilung. Obwohl diese L\u00e4nder eine gemeinsame Grundlage haben, passen sie ihre Gesetze im Gro\u00dfen und Ganzen weiterhin in unterschiedlichem Tempo an die modernen Anforderungen an.<\/p>\n","protected":false},"excerpt":{"rendered":"<p>Die Urheberrechtsgesetze in der eurasischen Region weisen aufgrund eines gemeinsamen rechtlichen Erbes aus der Sowjetzeit \u00c4hnlichkeiten auf, haben sich jedoch seit der Unabh\u00e4ngigkeit mit individuellen Merkmalen weiterentwickelt. Die meisten dieser L\u00e4nder sind Mitglieder der Berner \u00dcbereinkunft und der Weltorganisation f\u00fcr geistiges Eigentum (WIPO) und orientieren sich so an internationalen Standards. Das Urheberrecht bleibt je nach [&hellip;]<\/p>\n","protected":false},"author":3,"featured_media":0,"parent":39,"menu_order":0,"comment_status":"closed","ping_status":"closed","template":"templates\/template-content.php","meta":{"_acf_changed":false,"footnotes":""},"class_list":["post-2740","page","type-page","status-publish","hentry"],"acf":[],"_links":{"self":[{"href":"https:\/\/ars-patent.com\/de\/wp-json\/wp\/v2\/pages\/2740","targetHints":{"allow":["GET"]}}],"collection":[{"href":"https:\/\/ars-patent.com\/de\/wp-json\/wp\/v2\/pages"}],"about":[{"href":"https:\/\/ars-patent.com\/de\/wp-json\/wp\/v2\/types\/page"}],"author":[{"embeddable":true,"href":"https:\/\/ars-patent.com\/de\/wp-json\/wp\/v2\/users\/3"}],"replies":[{"embeddable":true,"href":"https:\/\/ars-patent.com\/de\/wp-json\/wp\/v2\/comments?post=2740"}],"version-history":[{"count":5,"href":"https:\/\/ars-patent.com\/de\/wp-json\/wp\/v2\/pages\/2740\/revisions"}],"predecessor-version":[{"id":2931,"href":"https:\/\/ars-patent.com\/de\/wp-json\/wp\/v2\/pages\/2740\/revisions\/2931"}],"up":[{"embeddable":true,"href":"https:\/\/ars-patent.com\/de\/wp-json\/wp\/v2\/pages\/39"}],"wp:attachment":[{"href":"https:\/\/ars-patent.com\/de\/wp-json\/wp\/v2\/media?parent=2740"}],"curies":[{"name":"wp","href":"https:\/\/api.w.org\/{rel}","templated":true}]}}