{"id":2743,"date":"2025-02-08T16:37:08","date_gmt":"2025-02-08T13:37:08","guid":{"rendered":"https:\/\/ars-patent.com\/de\/?page_id=2743"},"modified":"2025-05-03T13:55:43","modified_gmt":"2025-05-03T10:55:43","slug":"plant-varieties","status":"publish","type":"page","link":"https:\/\/ars-patent.com\/de\/expertise\/plant-varieties\/","title":{"rendered":"Pflanzensorten"},"content":{"rendered":"<p>Im eurasischen Raum wird der Sortenschutz (PVP) haupts\u00e4chlich durch nationale Gesetze geregelt, wobei mehrere L\u00e4nder dem \u00dcbereinkommen der Internationalen Union zum Schutz von Pflanzenz\u00fcchtungen (UPOV) beitreten. Die meisten eurasischen L\u00e4nder sind UPOV-Mitglieder und passen ihre Sortenschutzstandards an internationale Normen an, die den Z\u00fcchtern exklusive Rechte an neuen, unterschiedlichen, einheitlichen und stabilen Pflanzensorten einr\u00e4umen.<\/p>\n<p>Jedes Land hat spezifische Anforderungen und Registrierungsverfahren f\u00fcr die Gew\u00e4hrung von Sortenschutzrechten, in der Regel durch eine zugeordnete nationale Beh\u00f6rde. Diese Rechte erm\u00f6glichen es den Z\u00fcchtern, die Vermehrung, den Verkauf und den Vertrieb ihrer Sorten zu kontrollieren. Die Schutzdauer betr\u00e4gt je nach Pflanzenart typischerweise 20 bis 30 Jahre. Die Durchsetzung kann in der Region unterschiedlich sein, wobei in einigen L\u00e4ndern die Systeme weiter entwickelt sind und in anderen neue Rahmenwerke entstehen. F\u00fcr Kunden in der Pflanzenz\u00fcchtungsbranche ist es wichtig, die Registrierungs- und Durchsetzungsprozesse in den einzelnen Gerichtsbarkeiten zu verstehen, um neue Pflanzensorten wirksam zu sch\u00fctzen und zu vermarkten.<\/p>\n","protected":false},"excerpt":{"rendered":"<p>Im eurasischen Raum wird der Sortenschutz (PVP) haupts\u00e4chlich durch nationale Gesetze geregelt, wobei mehrere L\u00e4nder dem \u00dcbereinkommen der Internationalen Union zum Schutz von Pflanzenz\u00fcchtungen (UPOV) beitreten. Die meisten eurasischen L\u00e4nder sind UPOV-Mitglieder und passen ihre Sortenschutzstandards an internationale Normen an, die den Z\u00fcchtern exklusive Rechte an neuen, unterschiedlichen, einheitlichen und stabilen Pflanzensorten einr\u00e4umen. Jedes Land [&hellip;]<\/p>\n","protected":false},"author":3,"featured_media":0,"parent":39,"menu_order":0,"comment_status":"closed","ping_status":"closed","template":"templates\/template-content.php","meta":{"_acf_changed":false,"footnotes":""},"class_list":["post-2743","page","type-page","status-publish","hentry"],"acf":[],"_links":{"self":[{"href":"https:\/\/ars-patent.com\/de\/wp-json\/wp\/v2\/pages\/2743","targetHints":{"allow":["GET"]}}],"collection":[{"href":"https:\/\/ars-patent.com\/de\/wp-json\/wp\/v2\/pages"}],"about":[{"href":"https:\/\/ars-patent.com\/de\/wp-json\/wp\/v2\/types\/page"}],"author":[{"embeddable":true,"href":"https:\/\/ars-patent.com\/de\/wp-json\/wp\/v2\/users\/3"}],"replies":[{"embeddable":true,"href":"https:\/\/ars-patent.com\/de\/wp-json\/wp\/v2\/comments?post=2743"}],"version-history":[{"count":6,"href":"https:\/\/ars-patent.com\/de\/wp-json\/wp\/v2\/pages\/2743\/revisions"}],"predecessor-version":[{"id":2929,"href":"https:\/\/ars-patent.com\/de\/wp-json\/wp\/v2\/pages\/2743\/revisions\/2929"}],"up":[{"embeddable":true,"href":"https:\/\/ars-patent.com\/de\/wp-json\/wp\/v2\/pages\/39"}],"wp:attachment":[{"href":"https:\/\/ars-patent.com\/de\/wp-json\/wp\/v2\/media?parent=2743"}],"curies":[{"name":"wp","href":"https:\/\/api.w.org\/{rel}","templated":true}]}}