{"id":2746,"date":"2025-02-08T16:40:23","date_gmt":"2025-02-08T13:40:23","guid":{"rendered":"https:\/\/ars-patent.com\/de\/?page_id=2746"},"modified":"2025-05-03T13:55:22","modified_gmt":"2025-05-03T10:55:22","slug":"domain-names","status":"publish","type":"page","link":"https:\/\/ars-patent.com\/de\/expertise\/domain-names\/","title":{"rendered":"Domainnamen"},"content":{"rendered":"<p>In der eurasischen Region werden Domainnamen unter der nationalen Top-Level-Domain (ccTLD) des jeweiligen Landes verwaltet, beispielsweise .am f\u00fcr Armenien, .az f\u00fcr Aserbaidschan, .by f\u00fcr Wei\u00dfrussland usw. Jede Gerichtsbarkeit hat spezifische Regeln f\u00fcr die Registrierung von Domain-Namen, die in der Regel von einem bestimmten nationalen Register oder einer Regulierungsbeh\u00f6rde geregelt werden. Einige L\u00e4nder verf\u00fcgen \u00fcber fortschrittliche Domainnamen-Verwaltungssysteme und etablierte Rechtsrahmen, die spezielle Richtlinien zur Streitbeilegung f\u00fcr Domainnamen umfassen und sich h\u00e4ufig mit Problemen wie Cybersquatting und Konflikten um geistiges Eigentum befassen.<\/p>\n<p>Aspekte des geistigen Eigentums sind bei Domain-Namen-Streitigkeiten von zentraler Bedeutung, wobei viele eurasische L\u00e4nder Markenrechte bei der L\u00f6sung von F\u00e4llen von Domain-Namen-Verletzungen anerkennen. Wenn keine formellen Streitbeilegungsverfahren verf\u00fcgbar sind, k\u00f6nnen Konflikte durch \u00f6rtliche Gerichte gel\u00f6st werden, wobei dies jedoch je nach Gerichtsbarkeit stark variieren kann. Patent- und Markeninhaber sollten sich der spezifischen Registrierungsanforderungen und Durchsetzungsm\u00f6glichkeiten jedes Landes bewusst sein, da diese ihren Ansatz zum Schutz der Online-Markenpr\u00e4senz und zur Verhinderung von dom\u00e4nenbezogenen IP-Verletzungen beeinflussen k\u00f6nnen.<\/p>\n","protected":false},"excerpt":{"rendered":"<p>In der eurasischen Region werden Domainnamen unter der nationalen Top-Level-Domain (ccTLD) des jeweiligen Landes verwaltet, beispielsweise .am f\u00fcr Armenien, .az f\u00fcr Aserbaidschan, .by f\u00fcr Wei\u00dfrussland usw. Jede Gerichtsbarkeit hat spezifische Regeln f\u00fcr die Registrierung von Domain-Namen, die in der Regel von einem bestimmten nationalen Register oder einer Regulierungsbeh\u00f6rde geregelt werden. Einige L\u00e4nder verf\u00fcgen \u00fcber fortschrittliche [&hellip;]<\/p>\n","protected":false},"author":3,"featured_media":0,"parent":39,"menu_order":0,"comment_status":"closed","ping_status":"closed","template":"templates\/template-content.php","meta":{"_acf_changed":false,"footnotes":""},"class_list":["post-2746","page","type-page","status-publish","hentry"],"acf":[],"_links":{"self":[{"href":"https:\/\/ars-patent.com\/de\/wp-json\/wp\/v2\/pages\/2746","targetHints":{"allow":["GET"]}}],"collection":[{"href":"https:\/\/ars-patent.com\/de\/wp-json\/wp\/v2\/pages"}],"about":[{"href":"https:\/\/ars-patent.com\/de\/wp-json\/wp\/v2\/types\/page"}],"author":[{"embeddable":true,"href":"https:\/\/ars-patent.com\/de\/wp-json\/wp\/v2\/users\/3"}],"replies":[{"embeddable":true,"href":"https:\/\/ars-patent.com\/de\/wp-json\/wp\/v2\/comments?post=2746"}],"version-history":[{"count":5,"href":"https:\/\/ars-patent.com\/de\/wp-json\/wp\/v2\/pages\/2746\/revisions"}],"predecessor-version":[{"id":2927,"href":"https:\/\/ars-patent.com\/de\/wp-json\/wp\/v2\/pages\/2746\/revisions\/2927"}],"up":[{"embeddable":true,"href":"https:\/\/ars-patent.com\/de\/wp-json\/wp\/v2\/pages\/39"}],"wp:attachment":[{"href":"https:\/\/ars-patent.com\/de\/wp-json\/wp\/v2\/media?parent=2746"}],"curies":[{"name":"wp","href":"https:\/\/api.w.org\/{rel}","templated":true}]}}