{"id":336,"date":"2013-09-20T09:56:37","date_gmt":"2013-09-20T09:56:37","guid":{"rendered":"http:\/\/ars-patent.co.uk\/de\/?page_id=336"},"modified":"2025-04-23T21:27:03","modified_gmt":"2025-04-23T18:27:03","slug":"mikhail-khmara","status":"publish","type":"page","link":"https:\/\/ars-patent.com\/de\/our-team\/mikhail-khmara\/","title":{"rendered":"Mikhail Khmara"},"content":{"rendered":"<p><strong>Ausbildung<\/strong><br \/>\nHerr Mikhail Khmara schloss 1994 sein Studium an der Staatlichen Technischen Universit\u00e4t St. Petersburg mit einem M.Sc. ab. mit Auszeichnung in Physik. Er ist beim russischen Patent- und Markenamt als Patentanwalt eingetragen. Im Jahr 2001 wurde Herr Khmara als Patent- und Markenanwalt mit Spezialisierung auf \u201eMarken\u201c zertifiziert. Im Jahr 2003 erhielt Herr Khmara die Zertifizierung, um in den Bereichen \u201eErfindungen, Gebrauchsmuster und Industriedesigns\u201c praktizieren zu d\u00fcrfen.<\/p>\n<p><strong>Praxis<\/strong><br \/>\nVor seinem Eintritt in die Praxis f\u00fcr geistiges Eigentum war Herr Khmara wissenschaftlicher Forscher am Ioffe Physical Technical Institute in Sankt Petersburg. Am Ioffe-Institut leitete Herr Khmara Programme zur Entwicklung und Untersuchung von Supraleitern und Halbleitern und war f\u00fcr die Pr\u00fcfung und Analyse von Legierungselementen und legierten Verbindungen sowie f\u00fcr Fragen der Haltbarkeit und Erm\u00fcdung von Metallen verantwortlich.<br \/>\nAls Direktor des ARS-Patent-B\u00fcros in Sankt Petersburg liegt der Schwerpunkt seiner Patentpraxis auf der Ausarbeitung und Verfolgung von Patentantr\u00e4gen sowie auf der Durchf\u00fchrung von Patentrecherchepr\u00fcfungen f\u00fcr Patenterfindungen in Russland und ausl\u00e4ndischen Gerichtsbarkeiten im Zusammenhang mit Materialwissenschaft und Maschinenbauindustrie, einschlie\u00dflich Metallurgie, neue Materialien und Beschichtungen, Elektronik, optische Kommunikation und Halbleiterbauelemente. Zu den weiteren Aufgaben von Herrn Khmara geh\u00f6ren Lizenz- und Abtretungsvereinbarungen, Technologietransfer und die Bearbeitung von Patenteinspr\u00fcchen von der Einreichung bis zur Pr\u00e4sentation von F\u00e4llen in Anh\u00f6rungen vor dem russischen Patent- und Markenamt. Neben der Patentarbeit verf\u00fcgt Herr Khmara \u00fcber umfangreiche Erfahrung in komplexen Angelegenheiten der Markenregistrierung, einschlie\u00dflich der Verhandlung, Ausarbeitung und Eintragung von Marken, Lizenz- und Koexistenzvereinbarungen sowie der Beratung im Zusammenhang mit unlauterem Wettbewerb.<\/p>\n<p>Herr Khmara nimmt sowohl an russischen als auch an internationalen Konferenzen und Symposien f\u00fcr Patentspezialisten teil.<\/p>\n<p>Im Jahr 2012 wurde Herr Khmara als einer der f\u00fchrenden Praktiker im Bereich IP-Recht in der Ausgabe \u201eRussia\u2019s Best Lawyers\u00ae\u201c von Best Lawyers, USA, aufgef\u00fchrt.<\/p>\n","protected":false},"excerpt":{"rendered":"<p>Ausbildung Herr Mikhail Khmara schloss 1994 sein Studium an der Staatlichen Technischen Universit\u00e4t St. Petersburg mit einem M.Sc. ab. mit Auszeichnung in Physik. Er ist beim russischen Patent- und Markenamt als Patentanwalt eingetragen. Im Jahr 2001 wurde Herr Khmara als Patent- und Markenanwalt mit Spezialisierung auf \u201eMarken\u201c zertifiziert. Im Jahr 2003 erhielt Herr Khmara die [&hellip;]<\/p>\n","protected":false},"author":1,"featured_media":2148,"parent":43,"menu_order":0,"comment_status":"open","ping_status":"open","template":"templates\/template-people.php","meta":{"_acf_changed":false,"footnotes":""},"class_list":["post-336","page","type-page","status-publish","has-post-thumbnail","hentry"],"acf":[],"_links":{"self":[{"href":"https:\/\/ars-patent.com\/de\/wp-json\/wp\/v2\/pages\/336","targetHints":{"allow":["GET"]}}],"collection":[{"href":"https:\/\/ars-patent.com\/de\/wp-json\/wp\/v2\/pages"}],"about":[{"href":"https:\/\/ars-patent.com\/de\/wp-json\/wp\/v2\/types\/page"}],"author":[{"embeddable":true,"href":"https:\/\/ars-patent.com\/de\/wp-json\/wp\/v2\/users\/1"}],"replies":[{"embeddable":true,"href":"https:\/\/ars-patent.com\/de\/wp-json\/wp\/v2\/comments?post=336"}],"version-history":[{"count":29,"href":"https:\/\/ars-patent.com\/de\/wp-json\/wp\/v2\/pages\/336\/revisions"}],"predecessor-version":[{"id":2900,"href":"https:\/\/ars-patent.com\/de\/wp-json\/wp\/v2\/pages\/336\/revisions\/2900"}],"up":[{"embeddable":true,"href":"https:\/\/ars-patent.com\/de\/wp-json\/wp\/v2\/pages\/43"}],"wp:featuredmedia":[{"embeddable":true,"href":"https:\/\/ars-patent.com\/de\/wp-json\/wp\/v2\/media\/2148"}],"wp:attachment":[{"href":"https:\/\/ars-patent.com\/de\/wp-json\/wp\/v2\/media?parent=336"}],"curies":[{"name":"wp","href":"https:\/\/api.w.org\/{rel}","templated":true}]}}