{"id":43,"date":"2013-08-23T14:10:42","date_gmt":"2013-08-23T14:10:42","guid":{"rendered":"http:\/\/ars-patent.co.uk\/de\/?page_id=43"},"modified":"2026-04-18T22:46:53","modified_gmt":"2026-04-18T19:46:53","slug":"our-team","status":"publish","type":"page","link":"https:\/\/ars-patent.com\/de\/our-team\/","title":{"rendered":"Our team"},"content":{"rendered":"<p><strong>Seit 1993 vertritt das international anerkannte Team von Anw\u00e4lten und Fachleuten f\u00fcr geistiges Eigentum von ARS-Patent &amp; Trademark erfolgreich die Interessen unserer Mandanten sowohl in Russland als auch in den GUS-Staaten. Unsere innovativen und effizienten Dienstleistungen haben ARS-Patent &amp; Trademark zu einem f\u00fchrenden Unternehmen f\u00fcr geistiges Eigentum in der ehemaligen Sowjetunion gemacht.<\/strong><\/p>\n<p>Wir haben ein starkes Team von Fachleuten zusammengestellt, die schnell und effizient selbst die komplexesten und neusten IP-Probleme unserer Kunden l\u00f6sen. Mit Niederlassungen in St. Petersburg und Moskau betreut unser professionelles Team aus 60 hochqualifizierten Fachleuten, darunter mehr als 20 Patent- und Markenanw\u00e4lte, ein gro\u00dfes Portfolio an Marken und Patenten sowie zahlreiche Lizenz- und Abtretungsvertr\u00e4ge. ARS-Patent &amp; Trademark nutzt routinem\u00e4\u00dfig Brainstorming- und Teamarbeitsprinzipien, um erfolgreiche IP-Strategien f\u00fcr unsere Kunden zu ermitteln und zu etablieren.<\/p>\n<p>ARS-Patent &amp; Trademark ist bestrebt, Fachkr\u00e4fte mit den h\u00f6chsten technischen und juristischen F\u00e4higkeiten und Qualifikationen zu gewinnen. Unsere Patent- und Markenanw\u00e4lte verf\u00fcgen \u00fcber herausragende akademische Qualifikationen und ein breites Spektrum an praktischer Erfahrung, was es ARS Patent &amp; Trademark erm\u00f6glicht, die technischen und rechtlichen Probleme, die unsere Mandanten betreffen, effizient und fachm\u00e4nnisch zu analysieren. Ganz gleich, um welchen Technologiebereich es sich handelt, unsere Kunden k\u00f6nnen darauf vertrauen, dass wir ihnen zuverl\u00e4ssige und pr\u00e4zise Ratschl\u00e4ge und Dienstleistungen auf klare und umfassende Weise bieten, die sie verstehen k\u00f6nnen.<\/p>\n","protected":false},"excerpt":{"rendered":"<p>Seit 1993 vertritt das international anerkannte Team von Anw\u00e4lten und Fachleuten f\u00fcr geistiges Eigentum von ARS-Patent &amp; Trademark erfolgreich die Interessen unserer Mandanten sowohl in Russland als auch in den GUS-Staaten. Unsere innovativen und effizienten Dienstleistungen haben ARS-Patent &amp; Trademark zu einem f\u00fchrenden Unternehmen f\u00fcr geistiges Eigentum in der ehemaligen Sowjetunion gemacht. Wir haben ein [&hellip;]<\/p>\n","protected":false},"author":1,"featured_media":0,"parent":0,"menu_order":0,"comment_status":"open","ping_status":"open","template":"templates\/template-content.php","meta":{"_acf_changed":false,"footnotes":""},"class_list":["post-43","page","type-page","status-publish","hentry"],"acf":[],"_links":{"self":[{"href":"https:\/\/ars-patent.com\/de\/wp-json\/wp\/v2\/pages\/43","targetHints":{"allow":["GET"]}}],"collection":[{"href":"https:\/\/ars-patent.com\/de\/wp-json\/wp\/v2\/pages"}],"about":[{"href":"https:\/\/ars-patent.com\/de\/wp-json\/wp\/v2\/types\/page"}],"author":[{"embeddable":true,"href":"https:\/\/ars-patent.com\/de\/wp-json\/wp\/v2\/users\/1"}],"replies":[{"embeddable":true,"href":"https:\/\/ars-patent.com\/de\/wp-json\/wp\/v2\/comments?post=43"}],"version-history":[{"count":20,"href":"https:\/\/ars-patent.com\/de\/wp-json\/wp\/v2\/pages\/43\/revisions"}],"predecessor-version":[{"id":3063,"href":"https:\/\/ars-patent.com\/de\/wp-json\/wp\/v2\/pages\/43\/revisions\/3063"}],"wp:attachment":[{"href":"https:\/\/ars-patent.com\/de\/wp-json\/wp\/v2\/media?parent=43"}],"curies":[{"name":"wp","href":"https:\/\/api.w.org\/{rel}","templated":true}]}}