{"id":61,"date":"2013-08-23T14:40:47","date_gmt":"2013-08-23T11:40:47","guid":{"rendered":"http:\/\/ars-patent.co.uk\/de\/?page_id=61"},"modified":"2025-05-03T13:55:31","modified_gmt":"2025-05-03T10:55:31","slug":"trademarks","status":"publish","type":"page","link":"https:\/\/ars-patent.com\/de\/expertise\/trademarks\/","title":{"rendered":"Marken"},"content":{"rendered":"<p>Im eurasischen Raum unterliegt der Markenschutz der nationalen Gesetzgebung, wobei die meisten L\u00e4nder Mitglieder des Madrider Systems sind, das eine vereinfachte internationale Markenregistrierung erm\u00f6glicht. Markenrechte werden in diesen Gerichtsbarkeiten im Allgemeinen durch die Registrierung bei den nationalen Patent\u00e4mtern gew\u00e4hrt. Dadurch erh\u00e4lt der Inhaber das ausschlie\u00dfliche Recht, die Marke f\u00fcr bestimmte Waren und Dienstleistungen zu nutzen, und es sind rechtliche Schritte gegen unbefugte Nutzung oder Verletzung m\u00f6glich.<\/p>\n<p>Der Markenschutz dauert in der Regel zehn Jahre ab dem Eintragungsdatum und kann in aufeinanderfolgenden Zehnjahreszeitr\u00e4umen auf unbestimmte Zeit verl\u00e4ngert werden. Die Durchsetzung variiert in der Region, wobei einige L\u00e4nder etabliertere Durchsetzungsmechanismen anbieten, einschlie\u00dflich administrativer und gerichtlicher M\u00f6glichkeiten zur Verfolgung von Verst\u00f6\u00dfen. Markeninhaber, die auf diesen IP-M\u00e4rkten t\u00e4tig sind, sollten sich der spezifischen Verfahrensanforderungen jedes Landes bewusst sein und k\u00f6nnen von einer lokalen Vertretung profitieren, um die Komplexit\u00e4t bei der Registrierung, Erneuerung und Durchsetzung zu bew\u00e4ltigen.<\/p>\n","protected":false},"excerpt":{"rendered":"<p>Im eurasischen Raum unterliegt der Markenschutz der nationalen Gesetzgebung, wobei die meisten L\u00e4nder Mitglieder des Madrider Systems sind, das eine vereinfachte internationale Markenregistrierung erm\u00f6glicht. Markenrechte werden in diesen Gerichtsbarkeiten im Allgemeinen durch die Registrierung bei den nationalen Patent\u00e4mtern gew\u00e4hrt. Dadurch erh\u00e4lt der Inhaber das ausschlie\u00dfliche Recht, die Marke f\u00fcr bestimmte Waren und Dienstleistungen zu nutzen, [&hellip;]<\/p>\n","protected":false},"author":1,"featured_media":0,"parent":39,"menu_order":0,"comment_status":"open","ping_status":"closed","template":"templates\/template-content.php","meta":{"_acf_changed":false,"footnotes":""},"class_list":["post-61","page","type-page","status-publish","hentry"],"acf":[],"_links":{"self":[{"href":"https:\/\/ars-patent.com\/de\/wp-json\/wp\/v2\/pages\/61","targetHints":{"allow":["GET"]}}],"collection":[{"href":"https:\/\/ars-patent.com\/de\/wp-json\/wp\/v2\/pages"}],"about":[{"href":"https:\/\/ars-patent.com\/de\/wp-json\/wp\/v2\/types\/page"}],"author":[{"embeddable":true,"href":"https:\/\/ars-patent.com\/de\/wp-json\/wp\/v2\/users\/1"}],"replies":[{"embeddable":true,"href":"https:\/\/ars-patent.com\/de\/wp-json\/wp\/v2\/comments?post=61"}],"version-history":[{"count":12,"href":"https:\/\/ars-patent.com\/de\/wp-json\/wp\/v2\/pages\/61\/revisions"}],"predecessor-version":[{"id":2928,"href":"https:\/\/ars-patent.com\/de\/wp-json\/wp\/v2\/pages\/61\/revisions\/2928"}],"up":[{"embeddable":true,"href":"https:\/\/ars-patent.com\/de\/wp-json\/wp\/v2\/pages\/39"}],"wp:attachment":[{"href":"https:\/\/ars-patent.com\/de\/wp-json\/wp\/v2\/media?parent=61"}],"curies":[{"name":"wp","href":"https:\/\/api.w.org\/{rel}","templated":true}]}}