{"id":65,"date":"2013-08-23T14:41:10","date_gmt":"2013-08-23T11:41:10","guid":{"rendered":"http:\/\/ars-patent.co.uk\/de\/?page_id=65"},"modified":"2025-05-03T13:55:10","modified_gmt":"2025-05-03T10:55:10","slug":"industrial-designs","status":"publish","type":"page","link":"https:\/\/ars-patent.com\/de\/expertise\/industrial-designs\/","title":{"rendered":"Designs"},"content":{"rendered":"<p>ARS-Patent &amp; Trademarks bietet umfassende Dienstleistungen im Zusammenhang mit der Erlangung von Patenten sowie der Umsetzung und dem Schutz von Rechten an Ihren gewerblichen Mustern. Dazu k\u00f6nnen Verletzungsf\u00e4lle, Vorbereitung, Verhandlung und Prozessf\u00fchrung von Lizenz- und Koexistenzvertr\u00e4gen geh\u00f6ren. Unsere Spezialisten haben sofortigen Zugriff auf internationale und russische Datenbanken eingetragener Industriedesigns.<\/p>\n","protected":false},"excerpt":{"rendered":"<p>ARS-Patent &amp; Trademarks bietet umfassende Dienstleistungen im Zusammenhang mit der Erlangung von Patenten sowie der Umsetzung und dem Schutz von Rechten an Ihren gewerblichen Mustern. Dazu k\u00f6nnen Verletzungsf\u00e4lle, Vorbereitung, Verhandlung und Prozessf\u00fchrung von Lizenz- und Koexistenzvertr\u00e4gen geh\u00f6ren. Unsere Spezialisten haben sofortigen Zugriff auf internationale und russische Datenbanken eingetragener Industriedesigns.<\/p>\n","protected":false},"author":1,"featured_media":0,"parent":39,"menu_order":0,"comment_status":"open","ping_status":"closed","template":"templates\/template-content.php","meta":{"_acf_changed":false,"footnotes":""},"class_list":["post-65","page","type-page","status-publish","hentry"],"acf":[],"_links":{"self":[{"href":"https:\/\/ars-patent.com\/de\/wp-json\/wp\/v2\/pages\/65","targetHints":{"allow":["GET"]}}],"collection":[{"href":"https:\/\/ars-patent.com\/de\/wp-json\/wp\/v2\/pages"}],"about":[{"href":"https:\/\/ars-patent.com\/de\/wp-json\/wp\/v2\/types\/page"}],"author":[{"embeddable":true,"href":"https:\/\/ars-patent.com\/de\/wp-json\/wp\/v2\/users\/1"}],"replies":[{"embeddable":true,"href":"https:\/\/ars-patent.com\/de\/wp-json\/wp\/v2\/comments?post=65"}],"version-history":[{"count":12,"href":"https:\/\/ars-patent.com\/de\/wp-json\/wp\/v2\/pages\/65\/revisions"}],"predecessor-version":[{"id":2926,"href":"https:\/\/ars-patent.com\/de\/wp-json\/wp\/v2\/pages\/65\/revisions\/2926"}],"up":[{"embeddable":true,"href":"https:\/\/ars-patent.com\/de\/wp-json\/wp\/v2\/pages\/39"}],"wp:attachment":[{"href":"https:\/\/ars-patent.com\/de\/wp-json\/wp\/v2\/media?parent=65"}],"curies":[{"name":"wp","href":"https:\/\/api.w.org\/{rel}","templated":true}]}}