{"id":71,"date":"2013-08-23T14:48:31","date_gmt":"2013-08-23T11:48:31","guid":{"rendered":"http:\/\/ars-patent.co.uk\/de\/?page_id=71"},"modified":"2025-05-03T13:54:38","modified_gmt":"2025-05-03T10:54:38","slug":"patents","status":"publish","type":"page","link":"https:\/\/ars-patent.com\/de\/expertise\/patents\/","title":{"rendered":"Patente"},"content":{"rendered":"<p>Im eurasischen Raum wird der Patentschutz durch nationale Gesetzgebung geregelt, wobei die meisten dieser L\u00e4nder Mitglieder des Patent-Kooperationsvertrags (PCT) sind, der internationale Patentanmeldungen erleichtert. In diesen L\u00e4ndern werden Patente f\u00fcr Erfindungen erteilt, die neu, nicht naheliegend und gewerblich anwendbar sind, wobei die Standardschutzdauer 20 Jahre ab dem Anmeldetag betr\u00e4gt.<\/p>\n<p>Der Patentantragsprozess umfasst in der Regel die Einreichung beim nationalen Patentamt, gefolgt von einer Sachpr\u00fcfung zur Beurteilung der Patentierbarkeit der Erfindung. Viele dieser L\u00e4nder verf\u00fcgen auch \u00fcber Verfahren zur Anmeldung und Verfolgung von Patenten \u00fcber die Eurasische Patentorganisation (EAPO) f\u00fcr diejenigen, die mit einer einzigen Anmeldung Patentschutz in mehreren Mitgliedstaaten erhalten m\u00f6chten.<\/p>\n<p>W\u00e4hrend die Patentgesetze in diesen Rechtsordnungen weitgehend angeglichen sind, unterscheiden sich die Durchsetzungsmechanismen erheblich. Einige L\u00e4nder bieten eine besser entwickelte Infrastruktur f\u00fcr die Durchsetzung von Patenten, einschlie\u00dflich rechtlicher M\u00f6glichkeiten zur Bek\u00e4mpfung von Verst\u00f6\u00dfen durch Gerichte und Verwaltungsma\u00dfnahmen. Im Gegensatz dazu stellen andere L\u00e4nder m\u00f6glicherweise Herausforderungen hinsichtlich der Durchsetzung und der gerichtlichen Transparenz dar. F\u00fcr Patentinhaber ist es wichtig, die lokalen Besonderheiten der Patentverfolgung, -registrierung und -durchsetzung in den einzelnen Gerichtsbarkeiten zu verstehen, um einen umfassenden Schutz zu gew\u00e4hrleisten und potenzielle Verst\u00f6\u00dfe wirksam anzugehen.<\/p>\n","protected":false},"excerpt":{"rendered":"<p>Im eurasischen Raum wird der Patentschutz durch nationale Gesetzgebung geregelt, wobei die meisten dieser L\u00e4nder Mitglieder des Patent-Kooperationsvertrags (PCT) sind, der internationale Patentanmeldungen erleichtert. In diesen L\u00e4ndern werden Patente f\u00fcr Erfindungen erteilt, die neu, nicht naheliegend und gewerblich anwendbar sind, wobei die Standardschutzdauer 20 Jahre ab dem Anmeldetag betr\u00e4gt. Der Patentantragsprozess umfasst in der Regel [&hellip;]<\/p>\n","protected":false},"author":1,"featured_media":0,"parent":39,"menu_order":0,"comment_status":"open","ping_status":"closed","template":"templates\/template-content.php","meta":{"_acf_changed":false,"footnotes":""},"class_list":["post-71","page","type-page","status-publish","hentry"],"acf":[],"_links":{"self":[{"href":"https:\/\/ars-patent.com\/de\/wp-json\/wp\/v2\/pages\/71","targetHints":{"allow":["GET"]}}],"collection":[{"href":"https:\/\/ars-patent.com\/de\/wp-json\/wp\/v2\/pages"}],"about":[{"href":"https:\/\/ars-patent.com\/de\/wp-json\/wp\/v2\/types\/page"}],"author":[{"embeddable":true,"href":"https:\/\/ars-patent.com\/de\/wp-json\/wp\/v2\/users\/1"}],"replies":[{"embeddable":true,"href":"https:\/\/ars-patent.com\/de\/wp-json\/wp\/v2\/comments?post=71"}],"version-history":[{"count":38,"href":"https:\/\/ars-patent.com\/de\/wp-json\/wp\/v2\/pages\/71\/revisions"}],"predecessor-version":[{"id":2925,"href":"https:\/\/ars-patent.com\/de\/wp-json\/wp\/v2\/pages\/71\/revisions\/2925"}],"up":[{"embeddable":true,"href":"https:\/\/ars-patent.com\/de\/wp-json\/wp\/v2\/pages\/39"}],"wp:attachment":[{"href":"https:\/\/ars-patent.com\/de\/wp-json\/wp\/v2\/media?parent=71"}],"curies":[{"name":"wp","href":"https:\/\/api.w.org\/{rel}","templated":true}]}}