{"id":716,"date":"2013-12-03T10:30:35","date_gmt":"2013-12-03T10:30:35","guid":{"rendered":"http:\/\/ars-patent.co.uk\/de\/?page_id=716"},"modified":"2025-07-24T12:46:23","modified_gmt":"2025-07-24T09:46:23","slug":"pavel-mishurov","status":"publish","type":"page","link":"https:\/\/ars-patent.com\/de\/our-team\/pavel-mishurov\/","title":{"rendered":"Pavel Mishurov"},"content":{"rendered":"<p><strong>Ausbildung<\/strong><br \/>\nPavel schloss sein Studium an der Fakult\u00e4t f\u00fcr Physikalische Technik der St. Petersburger Nationalen Forschungsuniversit\u00e4t f\u00fcr Informationstechnologien, Mechanik und Optik (ITMO-Universit\u00e4t) mit einem M.Sc. in Technischer Physik ab. W\u00e4hrend seines Studiums war Herr Mishurov an mehreren Forschungs- und Entwicklungsprojekten beteiligt, bei denen er erste Erfahrungen mit der Entwicklung von geistigem Eigentum sammelte. Neben der technischen Hauptausbildung erwarb Herr Mishurov auch einen B.Sc. in Wirtschaftswissenschaften an der Abteilung f\u00fcr Angewandte Wirtschaft und Marketing der ITMO-Universit\u00e4t.<\/p>\n<p><strong>Erfahrung<\/strong><br \/>\nBevor Herr Mishurov seine Karriere im Bereich des gewerblichen geistigen Eigentums begann, arbeitete er als Ingenieur in der Abteilung f\u00fcr Festk\u00f6rper-Optoelektronik der ITMO-Universit\u00e4t. Sein Arbeitsgebiet umfasste vor allem die wissenschaftliche Forschung in der optischen Technik und insbesondere die Entwicklung von Methoden zur Messung optischer Aberrationen und deren automatisierter Korrektur.<br \/>\nPavel kam 2012 zu ARS-Patent und wurde als russischer und eurasischer Patentanwalt mit Spezialisierung auf Erfindungen und Gebrauchsmuster zertifiziert. Pavel war in der Patentverfolgungspraxis in Russland und Eurasien t\u00e4tig, f\u00fchrte Patentrecherchen durch und beriet bei der Lizenzierung und Abtretung von Patentrechten. Seine Kunden sind in Branchen des Maschinenbaus, der optischen Technik, der Elektrotechnik sowie der IT- und Computertechnik t\u00e4tig.<br \/>\nAls Leiter der Patentabteilung bei ARS-Patent organisiert und \u00fcberwacht Herr Mishurov die Patentverfolgung und Nacherteilungsarbeit vor dem Eurasischen Patentamt sowie vor den Patent\u00e4mtern der GUS und der ehemaligen Sowjetstaaten. Pavel ist Mitglied der Eurasischen Patentanwaltsversammlung (EPAA) und der Internationalen Vereinigung zum Schutz des geistigen Eigentums (AIPPI) und nimmt an zahlreichen lokalen und internationalen Veranstaltungen f\u00fcr IP-Praktiker teil.<\/p>\n","protected":false},"excerpt":{"rendered":"<p>Ausbildung Pavel schloss sein Studium an der Fakult\u00e4t f\u00fcr Physikalische Technik der St. Petersburger Nationalen Forschungsuniversit\u00e4t f\u00fcr Informationstechnologien, Mechanik und Optik (ITMO-Universit\u00e4t) mit einem M.Sc. in Technischer Physik ab. W\u00e4hrend seines Studiums war Herr Mishurov an mehreren Forschungs- und Entwicklungsprojekten beteiligt, bei denen er erste Erfahrungen mit der Entwicklung von geistigem Eigentum sammelte. Neben der [&hellip;]<\/p>\n","protected":false},"author":1,"featured_media":2952,"parent":43,"menu_order":0,"comment_status":"open","ping_status":"open","template":"templates\/template-people.php","meta":{"_acf_changed":false,"footnotes":""},"class_list":["post-716","page","type-page","status-publish","has-post-thumbnail","hentry"],"acf":[],"_links":{"self":[{"href":"https:\/\/ars-patent.com\/de\/wp-json\/wp\/v2\/pages\/716","targetHints":{"allow":["GET"]}}],"collection":[{"href":"https:\/\/ars-patent.com\/de\/wp-json\/wp\/v2\/pages"}],"about":[{"href":"https:\/\/ars-patent.com\/de\/wp-json\/wp\/v2\/types\/page"}],"author":[{"embeddable":true,"href":"https:\/\/ars-patent.com\/de\/wp-json\/wp\/v2\/users\/1"}],"replies":[{"embeddable":true,"href":"https:\/\/ars-patent.com\/de\/wp-json\/wp\/v2\/comments?post=716"}],"version-history":[{"count":25,"href":"https:\/\/ars-patent.com\/de\/wp-json\/wp\/v2\/pages\/716\/revisions"}],"predecessor-version":[{"id":2954,"href":"https:\/\/ars-patent.com\/de\/wp-json\/wp\/v2\/pages\/716\/revisions\/2954"}],"up":[{"embeddable":true,"href":"https:\/\/ars-patent.com\/de\/wp-json\/wp\/v2\/pages\/43"}],"wp:featuredmedia":[{"embeddable":true,"href":"https:\/\/ars-patent.com\/de\/wp-json\/wp\/v2\/media\/2952"}],"wp:attachment":[{"href":"https:\/\/ars-patent.com\/de\/wp-json\/wp\/v2\/media?parent=716"}],"curies":[{"name":"wp","href":"https:\/\/api.w.org\/{rel}","templated":true}]}}