{"id":885,"date":"2014-01-19T20:55:10","date_gmt":"2014-01-19T17:55:10","guid":{"rendered":"http:\/\/ars-patent.co.uk\/de\/?page_id=885"},"modified":"2025-04-23T21:26:01","modified_gmt":"2025-04-23T18:26:01","slug":"evgeny-ilmer","status":"publish","type":"page","link":"https:\/\/ars-patent.com\/de\/our-team\/evgeny-ilmer\/","title":{"rendered":"Evgeny Ilmer"},"content":{"rendered":"<p><strong>Ausbildung<\/strong><br \/>\nEvgeny Ilmer absolvierte die Abteilung f\u00fcr Energieerzeugungsmaschinen, Kernreaktoren und Kessel an der Staatlichen Polytechnischen Universit\u00e4t St. Petersburg. Evgeny Ilmer schloss sein Studium an der Staatlichen Universit\u00e4t St. Petersburg in der Philologischen Abteilung mit Auszeichnung ab und studierte Germanische Sprachen (Spezialisierung auf Englisch und Franz\u00f6sisch). Seit 2007 ist Evgeny Ilmer als Patentanwalt beim russischen Patent- und Markenamt eingetragen. Seit 2007 ist er au\u00dferdem eingetragener Patentanwalt beim Eurasischen Patentamt.<\/p>\n<p><strong>Praxis<\/strong><br \/>\nBevor er in die IP-Rechtspraxis eintrat, arbeitete Evgeny mit dem Team des Polzunov-Wissenschafts- und Forschungsinstituts in St. Petersburg auf dem Gebiet der W\u00e4rme\u00fcbertragung und Haltbarkeit von Metallen bei Erm\u00fcdung bei geringer Lastwechselbelastung unter hohem Druck und hoher Temperatur. W\u00e4hrend seiner wissenschaftlichen Laufbahn hat Evgeny zahlreiche Experimente in Kraftwerken in Russland, Wei\u00dfrussland und der Ukraine durchgef\u00fchrt. Insgesamt umfasst seine technische Erfahrung die Bereiche Materialwissenschaften, Maschinenbau, Elektrotechnik sowie Energie und Bergbau. Nach seinem zweiten Abschluss in Philologie widmete Evgeny einen Teil seiner Zeit auch der technischen \u00dcbersetzung und dem Unterrichten.<\/p>\n<p>Evgeny Ilmer begann seine Karriere im Bereich des Schutzes geistigen Eigentums im Jahr 2002. Er trat 2013 dem Team von ARS-Patent bei. Als Patentanwalt verf\u00fcgt Evgeny Ilmer \u00fcber umfassende Erfahrung in der Verfolgung von Patentanmeldungen in Russland und in vielen anderen L\u00e4ndern, der Lizenzierung von Technologien, Einspr\u00fcchen und der Nichtigerkl\u00e4rung von Patenten in der Kammer f\u00fcr Patentstreitigkeiten des Russischen Patent- und Markenamts sowie bei dem Eurasischen Patentamt. Evgeny Ilmer verf\u00fcgt auch \u00fcber Erfahrung im Schutz von Rechten des geistigen Eigentums vor Gericht.<br \/>\nEvgeny Ilmer nimmt an russischen und internationalen Konferenzen f\u00fcr Patentspezialisten teil.<\/p>\n","protected":false},"excerpt":{"rendered":"<p>Ausbildung Evgeny Ilmer absolvierte die Abteilung f\u00fcr Energieerzeugungsmaschinen, Kernreaktoren und Kessel an der Staatlichen Polytechnischen Universit\u00e4t St. Petersburg. Evgeny Ilmer schloss sein Studium an der Staatlichen Universit\u00e4t St. Petersburg in der Philologischen Abteilung mit Auszeichnung ab und studierte Germanische Sprachen (Spezialisierung auf Englisch und Franz\u00f6sisch). Seit 2007 ist Evgeny Ilmer als Patentanwalt beim russischen Patent- [&hellip;]<\/p>\n","protected":false},"author":1,"featured_media":1480,"parent":43,"menu_order":0,"comment_status":"open","ping_status":"closed","template":"templates\/template-people.php","meta":{"_acf_changed":false,"footnotes":""},"class_list":["post-885","page","type-page","status-publish","has-post-thumbnail","hentry"],"acf":[],"_links":{"self":[{"href":"https:\/\/ars-patent.com\/de\/wp-json\/wp\/v2\/pages\/885","targetHints":{"allow":["GET"]}}],"collection":[{"href":"https:\/\/ars-patent.com\/de\/wp-json\/wp\/v2\/pages"}],"about":[{"href":"https:\/\/ars-patent.com\/de\/wp-json\/wp\/v2\/types\/page"}],"author":[{"embeddable":true,"href":"https:\/\/ars-patent.com\/de\/wp-json\/wp\/v2\/users\/1"}],"replies":[{"embeddable":true,"href":"https:\/\/ars-patent.com\/de\/wp-json\/wp\/v2\/comments?post=885"}],"version-history":[{"count":14,"href":"https:\/\/ars-patent.com\/de\/wp-json\/wp\/v2\/pages\/885\/revisions"}],"predecessor-version":[{"id":2897,"href":"https:\/\/ars-patent.com\/de\/wp-json\/wp\/v2\/pages\/885\/revisions\/2897"}],"up":[{"embeddable":true,"href":"https:\/\/ars-patent.com\/de\/wp-json\/wp\/v2\/pages\/43"}],"wp:featuredmedia":[{"embeddable":true,"href":"https:\/\/ars-patent.com\/de\/wp-json\/wp\/v2\/media\/1480"}],"wp:attachment":[{"href":"https:\/\/ars-patent.com\/de\/wp-json\/wp\/v2\/media?parent=885"}],"curies":[{"name":"wp","href":"https:\/\/api.w.org\/{rel}","templated":true}]}}