{"id":891,"date":"2014-01-19T20:58:21","date_gmt":"2014-01-19T20:58:21","guid":{"rendered":"http:\/\/ars-patent.co.uk\/de\/?page_id=891"},"modified":"2025-04-23T21:24:06","modified_gmt":"2025-04-23T18:24:06","slug":"alex-panteleev","status":"publish","type":"page","link":"https:\/\/ars-patent.com\/de\/our-team\/alex-panteleev\/","title":{"rendered":"Alex Panteleev"},"content":{"rendered":"<p><strong>Ausbildung<\/strong><br \/>\nHerr Panteleev schloss 1996 sein Studium an der Staatlichen Universit\u00e4t f\u00fcr Luft- und Raumfahrtinstrumentierung Sankt Petersburg mit einem M.Sc. in Radioelektronischen Systemen mit Auszeichnung ab. Im Jahr 2006 wurde Herr Panteleev als russischer und eurasischer Patentanwalt mit Spezialisierung auf \u201eErfindungen und Gebrauchsmuster\u201c zertifiziert.<\/p>\n<p><strong>Praxis<\/strong><br \/>\nVor seinem Eintritt in die Praxis f\u00fcr geistiges Eigentum war Herr Panteleev wissenschaftlicher Forscher an der Staatlichen Universit\u00e4t f\u00fcr Luft- und Raumfahrtinstrumente in Sankt Petersburg. An der Universit\u00e4t war Herr Panteleev f\u00fcr die Steuerungssysteme einer Magnetschwebevorrichtung verantwortlich. Au\u00dferhalb von Bildungseinrichtungen sammelte Herr Panteleev Erfahrungen in der Maschinenbau-, Elektro- und IT- und Computertechnikbranche.<\/p>\n<p>Als Mitarbeiter im Sankt Petersburger B\u00fcro von ARS-Patent konzentriert sich Herr Panteleev in seiner Patentpraxis auf die Ausarbeitung und Verfolgung von Patentanmeldungen sowie die Durchf\u00fchrung von Patentrecherchepr\u00fcfungen f\u00fcr Erfindungspatente in Russland und ausl\u00e4ndischen Gerichtsbarkeiten.<\/p>\n","protected":false},"excerpt":{"rendered":"<p>Ausbildung Herr Panteleev schloss 1996 sein Studium an der Staatlichen Universit\u00e4t f\u00fcr Luft- und Raumfahrtinstrumentierung Sankt Petersburg mit einem M.Sc. in Radioelektronischen Systemen mit Auszeichnung ab. Im Jahr 2006 wurde Herr Panteleev als russischer und eurasischer Patentanwalt mit Spezialisierung auf \u201eErfindungen und Gebrauchsmuster\u201c zertifiziert. Praxis Vor seinem Eintritt in die Praxis f\u00fcr geistiges Eigentum war [&hellip;]<\/p>\n","protected":false},"author":1,"featured_media":2172,"parent":43,"menu_order":0,"comment_status":"open","ping_status":"open","template":"templates\/template-people.php","meta":{"_acf_changed":false,"footnotes":""},"class_list":["post-891","page","type-page","status-publish","has-post-thumbnail","hentry"],"acf":[],"_links":{"self":[{"href":"https:\/\/ars-patent.com\/de\/wp-json\/wp\/v2\/pages\/891","targetHints":{"allow":["GET"]}}],"collection":[{"href":"https:\/\/ars-patent.com\/de\/wp-json\/wp\/v2\/pages"}],"about":[{"href":"https:\/\/ars-patent.com\/de\/wp-json\/wp\/v2\/types\/page"}],"author":[{"embeddable":true,"href":"https:\/\/ars-patent.com\/de\/wp-json\/wp\/v2\/users\/1"}],"replies":[{"embeddable":true,"href":"https:\/\/ars-patent.com\/de\/wp-json\/wp\/v2\/comments?post=891"}],"version-history":[{"count":12,"href":"https:\/\/ars-patent.com\/de\/wp-json\/wp\/v2\/pages\/891\/revisions"}],"predecessor-version":[{"id":2892,"href":"https:\/\/ars-patent.com\/de\/wp-json\/wp\/v2\/pages\/891\/revisions\/2892"}],"up":[{"embeddable":true,"href":"https:\/\/ars-patent.com\/de\/wp-json\/wp\/v2\/pages\/43"}],"wp:featuredmedia":[{"embeddable":true,"href":"https:\/\/ars-patent.com\/de\/wp-json\/wp\/v2\/media\/2172"}],"wp:attachment":[{"href":"https:\/\/ars-patent.com\/de\/wp-json\/wp\/v2\/media?parent=891"}],"curies":[{"name":"wp","href":"https:\/\/api.w.org\/{rel}","templated":true}]}}